{"id":917,"date":"2023-04-24T01:34:51","date_gmt":"2023-04-24T01:34:51","guid":{"rendered":"https:\/\/electromecanicasv.cl\/?page_id=917"},"modified":"2023-04-25T18:43:21","modified_gmt":"2023-04-25T18:43:21","slug":"catalogo-isb","status":"publish","type":"page","link":"https:\/\/electromecanicasv.cl\/?page_id=917","title":{"rendered":"Cat\u00e1logo ISB"},"content":{"rendered":"\n<div class=\"wp-block-uagb-container uagb-block-8878d99f alignwide uagb-is-root-container\">\n<div class=\"wp-block-uagb-container uagb-block-6dd36a87\">\n<div class=\"wp-block-uagb-image alignleft uagb-block-f1e0a361 wp-block-uagb-image--layout-default wp-block-uagb-image--effect-static wp-block-uagb-image--align-left\"><figure class=\"wp-block-uagb-image__figure\"><img decoding=\"async\" srcset=\"https:\/\/electromecanicasv.cl\/wp-content\/uploads\/2023\/04\/LOGO-ISB-PNG-300x193.png \" src=\"https:\/\/electromecanicasv.cl\/wp-content\/uploads\/2023\/04\/LOGO-ISB-PNG-300x193.png\" alt=\"\" class=\"uag-image-946\" width=\"300\" height=\"193\" title=\"\" loading=\"lazy\"\/><\/figure><\/div>\n<\/div>\n\n\n\n<div class=\"wp-block-uagb-container uagb-block-4840290d\">\n<div class=\"wp-block-uagb-advanced-heading uagb-block-aa3ea3e3\"><h2 class=\"uagb-heading-text\">Distribuci\u00f3n Exclusiva de productos ISB Industries<\/h2><\/div>\n\n\n\n<p>Fundada en 1981, ISB Industries se posiciona como uno de los l\u00edderes mundiales en componentes industriales, y desde ahora podr\u00e1s acceder a sus productos gracias a la alianza con Electromec\u00e1nicas SV.  Te invitamos a visitar sus cat\u00e1logos de rodamientos, no dudes en consultarnos.<\/p>\n\n\n\n<div class=\"wp-block-buttons is-content-justification-right is-layout-flex wp-container-core-buttons-is-layout-765c4724 wp-block-buttons-is-layout-flex\">\n<div class=\"wp-block-button has-custom-width wp-block-button__width-25 has-custom-font-size is-style-fill has-small-font-size\"><a class=\"wp-block-button__link wp-element-button\" href=\"https:\/\/electromecanicasv.cl\/?page_id=1101\" style=\"border-radius:14px\">Contactar a Ventas<\/a><\/div>\n<\/div>\n<\/div>\n<\/div>\n\n\n\n<div class=\"wp-block-uagb-container uagb-block-715c7679 alignwide uagb-is-root-container\">\n<div class=\"wp-block-uagb-container uagb-block-0f96b8ca\">\n<div class=\"wp-block-uagb-image aligncenter uagb-block-23d56a35 wp-block-uagb-image--layout-overlay wp-block-uagb-image--effect-blur wp-block-uagb-image--align-center\"><figure class=\"wp-block-uagb-image__figure\"><a class=\"\" href=\"http:\/\/www.isb-industries.com\/wp-content\/uploads\/2019\/02\/600.pdf\" target=\"\" rel=\"noopener\"><img decoding=\"async\" srcset=\"https:\/\/electromecanicasv.cl\/wp-content\/uploads\/2023\/04\/Radial-deep-groove-ball-bearings.png \" src=\"https:\/\/electromecanicasv.cl\/wp-content\/uploads\/2023\/04\/Radial-deep-groove-ball-bearings.png\" alt=\"\" class=\"uag-image-994\" width=\"300\" height=\"416\" title=\"\" loading=\"lazy\"\/><\/a><div class=\"wp-block-uagb-image--layout-overlay__color-wrapper\"><\/div><div class=\"wp-block-uagb-image--layout-overlay__inner center-center\"><a class=\"wp-block-uagb-image--layout-overlay-link \" href=\"http:\/\/www.isb-industries.com\/wp-content\/uploads\/2019\/02\/600.pdf\" target=\"\" rel=\"noopener\"><\/a><h2 class=\"uagb-image-heading\">Radial deep groove ball bearings<\/h2><figcaption class=\"uagb-image-caption\">Rodamientos r\u00edgidos de bolas radiales<\/figcaption><\/div><\/figure><\/div>\n\n\n\n<div class=\"wp-block-uagb-image aligncenter uagb-block-de4043f6 wp-block-uagb-image--layout-overlay wp-block-uagb-image--effect-blur wp-block-uagb-image--align-center\"><figure class=\"wp-block-uagb-image__figure\"><a class=\"\" href=\"http:\/\/www.isb-industries.com\/wp-content\/uploads\/2019\/03\/ISB%C2%AE-ElectricalMotorsStandard-1.12.13.pdf\" target=\"\" rel=\"noopener\"><img decoding=\"async\" srcset=\"https:\/\/electromecanicasv.cl\/wp-content\/uploads\/2023\/04\/Bearing-for-low-noise-applications.png \" src=\"https:\/\/electromecanicasv.cl\/wp-content\/uploads\/2023\/04\/Bearing-for-low-noise-applications.png\" alt=\"\" class=\"uag-image-1032\" width=\"300\" height=\"416\" title=\"\" loading=\"lazy\"\/><\/a><div class=\"wp-block-uagb-image--layout-overlay__color-wrapper\"><\/div><div class=\"wp-block-uagb-image--layout-overlay__inner center-center\"><a class=\"wp-block-uagb-image--layout-overlay-link \" href=\"http:\/\/www.isb-industries.com\/wp-content\/uploads\/2019\/03\/ISB%C2%AE-ElectricalMotorsStandard-1.12.13.pdf\" target=\"\" rel=\"noopener\"><\/a><h2 class=\"uagb-image-heading\">Bearing for low noise applications<\/h2><figcaption class=\"uagb-image-caption\"><br>Rodamiento para aplicaciones de bajo ruido<\/figcaption><\/div><\/figure><\/div>\n\n\n\n<div class=\"wp-block-uagb-image aligncenter uagb-block-6cbdeb64 wp-block-uagb-image--layout-overlay wp-block-uagb-image--effect-blur wp-block-uagb-image--align-center\"><figure class=\"wp-block-uagb-image__figure\"><a class=\"\" href=\"https:\/\/www.isb-industries.com\/wp-content\/uploads\/2019\/08\/ISB-Boccole-Bushes-01.03.15.pdf\" target=\"\" rel=\"noopener\"><img decoding=\"async\" srcset=\"https:\/\/electromecanicasv.cl\/wp-content\/uploads\/2023\/04\/Bushes.png \" src=\"https:\/\/electromecanicasv.cl\/wp-content\/uploads\/2023\/04\/Bushes.png\" alt=\"\" class=\"uag-image-1039\" width=\"300\" height=\"416\" title=\"\" loading=\"lazy\"\/><\/a><div class=\"wp-block-uagb-image--layout-overlay__color-wrapper\"><\/div><div class=\"wp-block-uagb-image--layout-overlay__inner center-center\"><a class=\"wp-block-uagb-image--layout-overlay-link \" href=\"https:\/\/www.isb-industries.com\/wp-content\/uploads\/2019\/08\/ISB-Boccole-Bushes-01.03.15.pdf\" target=\"\" rel=\"noopener\"><\/a><h2 class=\"uagb-image-heading\">Bushes<\/h2><figcaption class=\"uagb-image-caption\">Casquillos<\/figcaption><\/div><\/figure><\/div>\n\n\n\n<div class=\"wp-block-uagb-image aligncenter uagb-block-2b9ecb7c wp-block-uagb-image--layout-overlay wp-block-uagb-image--effect-blur wp-block-uagb-image--align-center\"><figure class=\"wp-block-uagb-image__figure\"><a class=\"\" href=\"http:\/\/www.isb-industries.com\/wp-content\/uploads\/2019\/02\/prodotti_acciaio_inox.pdf\" target=\"\" rel=\"noopener\"><img decoding=\"async\" srcset=\"https:\/\/electromecanicasv.cl\/wp-content\/uploads\/2023\/04\/Products-in-stainless-steel.png \" src=\"https:\/\/electromecanicasv.cl\/wp-content\/uploads\/2023\/04\/Products-in-stainless-steel.png\" alt=\"\" class=\"uag-image-1046\" width=\"300\" height=\"416\" title=\"\" loading=\"lazy\"\/><\/a><div class=\"wp-block-uagb-image--layout-overlay__color-wrapper\"><\/div><div class=\"wp-block-uagb-image--layout-overlay__inner center-center\"><a class=\"wp-block-uagb-image--layout-overlay-link \" href=\"http:\/\/www.isb-industries.com\/wp-content\/uploads\/2019\/02\/prodotti_acciaio_inox.pdf\" target=\"\" rel=\"noopener\"><\/a><h2 class=\"uagb-image-heading\">Stainless steel products<\/h2><figcaption class=\"uagb-image-caption\">Productos en acero inoxidable<\/figcaption><\/div><\/figure><\/div>\n<\/div>\n\n\n\n<div class=\"wp-block-uagb-container uagb-block-ed7fb554\">\n<div class=\"wp-block-uagb-image aligncenter uagb-block-a971f218 wp-block-uagb-image--layout-overlay wp-block-uagb-image--effect-static wp-block-uagb-image--align-center\"><figure class=\"wp-block-uagb-image__figure\"><a class=\"\" href=\"https:\/\/www.isb-industries.com\/wp-content\/uploads\/2019\/08\/ISB-Supporti-autoallineanti-Self-aligning-bearing-units-01.09.19.pdf\" target=\"\" rel=\"noopener\"><img decoding=\"async\" srcset=\"https:\/\/electromecanicasv.cl\/wp-content\/uploads\/2023\/04\/Self-Aligning-Bearing-Units.png \" src=\"https:\/\/electromecanicasv.cl\/wp-content\/uploads\/2023\/04\/Self-Aligning-Bearing-Units.png\" alt=\"\" class=\"uag-image-1030\" width=\"300\" height=\"416\" title=\"\" loading=\"lazy\"\/><\/a><div class=\"wp-block-uagb-image--layout-overlay__color-wrapper\"><\/div><div class=\"wp-block-uagb-image--layout-overlay__inner center-center\"><a class=\"wp-block-uagb-image--layout-overlay-link \" href=\"https:\/\/www.isb-industries.com\/wp-content\/uploads\/2019\/08\/ISB-Supporti-autoallineanti-Self-aligning-bearing-units-01.09.19.pdf\" target=\"\" rel=\"noopener\"><\/a><h2 class=\"uagb-image-heading\">Self Aligning Bearing Units<\/h2><figcaption class=\"uagb-image-caption\">Rodamientos Autoalineables<\/figcaption><\/div><\/figure><\/div>\n\n\n\n<div class=\"wp-block-uagb-image aligncenter uagb-block-6be2d338 wp-block-uagb-image--layout-overlay wp-block-uagb-image--effect-static wp-block-uagb-image--align-center\"><figure class=\"wp-block-uagb-image__figure\"><a class=\"\" href=\"https:\/\/www.isb-industries.com\/wp-content\/uploads\/2019\/08\/ISB-Cuscinetti-di-base-Slewing-bearings-01.07.19.pdf\" target=\"\" rel=\"noopener\"><img decoding=\"async\" srcset=\"https:\/\/electromecanicasv.cl\/wp-content\/uploads\/2023\/04\/Slewing-Bearings.png \" src=\"https:\/\/electromecanicasv.cl\/wp-content\/uploads\/2023\/04\/Slewing-Bearings.png\" alt=\"\" class=\"uag-image-1033\" width=\"300\" height=\"416\" title=\"\" loading=\"lazy\"\/><\/a><div class=\"wp-block-uagb-image--layout-overlay__color-wrapper\"><\/div><div class=\"wp-block-uagb-image--layout-overlay__inner center-center\"><a class=\"wp-block-uagb-image--layout-overlay-link \" href=\"https:\/\/www.isb-industries.com\/wp-content\/uploads\/2019\/08\/ISB-Cuscinetti-di-base-Slewing-bearings-01.07.19.pdf\" target=\"\" rel=\"noopener\"><\/a><h2 class=\"uagb-image-heading\">Slewing Bearings<\/h2><figcaption class=\"uagb-image-caption\">Cojinetes de giro<\/figcaption><\/div><\/figure><\/div>\n\n\n\n<div class=\"wp-block-uagb-image aligncenter uagb-block-4a847a3d wp-block-uagb-image--layout-overlay wp-block-uagb-image--effect-static wp-block-uagb-image--align-center\"><figure class=\"wp-block-uagb-image__figure\"><a class=\"\" href=\"https:\/\/www.isb-industries.com\/wp-content\/uploads\/2019\/08\/ISB-Cuscinetti-a-sfere-in-materiali-polimerici-Polymeric-ball-bearings-01.09.19.pdf\" target=\"\" rel=\"noopener\"><img decoding=\"async\" srcset=\"https:\/\/electromecanicasv.cl\/wp-content\/uploads\/2023\/04\/Polymeric-ball-bearings.png \" src=\"https:\/\/electromecanicasv.cl\/wp-content\/uploads\/2023\/04\/Polymeric-ball-bearings.png\" alt=\"\" class=\"uag-image-1041\" width=\"300\" height=\"416\" title=\"\" loading=\"lazy\"\/><\/a><div class=\"wp-block-uagb-image--layout-overlay__color-wrapper\"><\/div><div class=\"wp-block-uagb-image--layout-overlay__inner center-center\"><a class=\"wp-block-uagb-image--layout-overlay-link \" href=\"https:\/\/www.isb-industries.com\/wp-content\/uploads\/2019\/08\/ISB-Cuscinetti-a-sfere-in-materiali-polimerici-Polymeric-ball-bearings-01.09.19.pdf\" target=\"\" rel=\"noopener\"><\/a><h2 class=\"uagb-image-heading\">Polymeric ball bearings<\/h2><figcaption class=\"uagb-image-caption\">Rodamientos pol\u00edmero<\/figcaption><\/div><\/figure><\/div>\n\n\n\n<div class=\"wp-block-uagb-image aligncenter uagb-block-8bbc44c1 wp-block-uagb-image--layout-overlay wp-block-uagb-image--effect-static wp-block-uagb-image--align-center\"><figure class=\"wp-block-uagb-image__figure\"><a class=\"\" href=\"https:\/\/www.isb-industries.com\/wp-content\/uploads\/2019\/08\/ISB-Prodotti-agricoli-Agricultural-products-01.09.19.pdf\" target=\"\" rel=\"noopener\"><img decoding=\"async\" srcset=\"https:\/\/electromecanicasv.cl\/wp-content\/uploads\/2023\/04\/Agricultural-Products.png \" src=\"https:\/\/electromecanicasv.cl\/wp-content\/uploads\/2023\/04\/Agricultural-Products.png\" alt=\"\" class=\"uag-image-1047\" width=\"300\" height=\"416\" title=\"\" loading=\"lazy\"\/><\/a><div class=\"wp-block-uagb-image--layout-overlay__color-wrapper\"><\/div><div class=\"wp-block-uagb-image--layout-overlay__inner center-center\"><a class=\"wp-block-uagb-image--layout-overlay-link \" href=\"https:\/\/www.isb-industries.com\/wp-content\/uploads\/2019\/08\/ISB-Prodotti-agricoli-Agricultural-products-01.09.19.pdf\" target=\"\" rel=\"noopener\"><\/a><h2 class=\"uagb-image-heading\">Agricultural Products<\/h2><\/div><\/figure><\/div>\n<\/div>\n\n\n\n<div class=\"wp-block-uagb-container uagb-block-6ccd2bab\">\n<div class=\"wp-block-uagb-image aligncenter uagb-block-c413fb5f wp-block-uagb-image--layout-overlay wp-block-uagb-image--effect-static wp-block-uagb-image--align-center\"><figure class=\"wp-block-uagb-image__figure\"><a class=\"\" href=\"https:\/\/www.isb-industries.com\/wp-content\/uploads\/2019\/08\/ISB-Cuscinetti-a-rullini-Needle-bearings-01.09.19.pdf\" target=\"\" rel=\"noopener\"><img decoding=\"async\" srcset=\"https:\/\/electromecanicasv.cl\/wp-content\/uploads\/2023\/04\/Needle-Bearings.png \" src=\"https:\/\/electromecanicasv.cl\/wp-content\/uploads\/2023\/04\/Needle-Bearings.png\" alt=\"\" class=\"uag-image-1031\" width=\"300\" height=\"416\" title=\"\" loading=\"lazy\"\/><\/a><div class=\"wp-block-uagb-image--layout-overlay__color-wrapper\"><\/div><div class=\"wp-block-uagb-image--layout-overlay__inner center-center\"><a class=\"wp-block-uagb-image--layout-overlay-link \" href=\"https:\/\/www.isb-industries.com\/wp-content\/uploads\/2019\/08\/ISB-Cuscinetti-a-rullini-Needle-bearings-01.09.19.pdf\" target=\"\" rel=\"noopener\"><\/a><h2 class=\"uagb-image-heading\">Needle Bearings<\/h2><figcaption class=\"uagb-image-caption\">Rodamientos de aguja<\/figcaption><\/div><\/figure><\/div>\n\n\n\n<div class=\"wp-block-uagb-image aligncenter uagb-block-af7bafc2 wp-block-uagb-image--layout-overlay wp-block-uagb-image--effect-static wp-block-uagb-image--align-center\"><figure class=\"wp-block-uagb-image__figure\"><a class=\"\" href=\"https:\/\/www.isb-industries.com\/wp-content\/uploads\/2019\/08\/ISB-Snodi-sferici-teste-a-snodo-forcelle-Spherical-plain-bearings-rod-ends-clevises-01.01.18.pdf\" target=\"\" rel=\"noopener\"><img decoding=\"async\" srcset=\"https:\/\/electromecanicasv.cl\/wp-content\/uploads\/2023\/04\/Spherical-Plain-Bearings-Rod-Ends-Clevises.png \" src=\"https:\/\/electromecanicasv.cl\/wp-content\/uploads\/2023\/04\/Spherical-Plain-Bearings-Rod-Ends-Clevises.png\" alt=\"\" class=\"uag-image-1035\" width=\"300\" height=\"416\" title=\"\" loading=\"lazy\"\/><\/a><div class=\"wp-block-uagb-image--layout-overlay__color-wrapper\"><\/div><div class=\"wp-block-uagb-image--layout-overlay__inner center-center\"><a class=\"wp-block-uagb-image--layout-overlay-link \" href=\"https:\/\/www.isb-industries.com\/wp-content\/uploads\/2019\/08\/ISB-Snodi-sferici-teste-a-snodo-forcelle-Spherical-plain-bearings-rod-ends-clevises-01.01.18.pdf\" target=\"\" rel=\"noopener\"><\/a><h2 class=\"uagb-image-heading\">Spherical plain bearings &#8211; Rod ends &#8211; Clevises<\/h2><figcaption class=\"uagb-image-caption\">Cojinetes esf\u00e9ricos &#8211; R\u00f3tulas &#8211; Horquillas<\/figcaption><\/div><\/figure><\/div>\n\n\n\n<div class=\"wp-block-uagb-image aligncenter uagb-block-40d819e0 wp-block-uagb-image--layout-overlay wp-block-uagb-image--effect-static wp-block-uagb-image--align-center\"><figure class=\"wp-block-uagb-image__figure\"><a class=\"\" href=\"https:\/\/www.isb-industries.com\/wp-content\/uploads\/2019\/08\/ISB-Ruote-Libere-Free-Wheels-01.09.14.pdf\" target=\"\" rel=\"noopener\"><img decoding=\"async\" srcset=\"https:\/\/electromecanicasv.cl\/wp-content\/uploads\/2023\/04\/Free-Wheels.png \" src=\"https:\/\/electromecanicasv.cl\/wp-content\/uploads\/2023\/04\/Free-Wheels.png\" alt=\"\" class=\"uag-image-1044\" width=\"300\" height=\"416\" title=\"\" loading=\"lazy\"\/><\/a><div class=\"wp-block-uagb-image--layout-overlay__color-wrapper\"><\/div><div class=\"wp-block-uagb-image--layout-overlay__inner center-center\"><a class=\"wp-block-uagb-image--layout-overlay-link \" href=\"https:\/\/www.isb-industries.com\/wp-content\/uploads\/2019\/08\/ISB-Ruote-Libere-Free-Wheels-01.09.14.pdf\" target=\"\" rel=\"noopener\"><\/a><h2 class=\"uagb-image-heading\">Needle Bearings<\/h2><figcaption class=\"uagb-image-caption\">Rodamientos aguja<\/figcaption><\/div><\/figure><\/div>\n\n\n\n<div class=\"wp-block-uagb-image aligncenter uagb-block-1e876a04 wp-block-uagb-image--layout-overlay wp-block-uagb-image--effect-static wp-block-uagb-image--align-center\"><figure class=\"wp-block-uagb-image__figure\"><a class=\"\" href=\"https:\/\/www.isb-industries.com\/wp-content\/uploads\/2019\/08\/ISB-Installazione-cuscinetti-e-sinossi-Bearings-installation-and-synopsis-01.09.19.pdf\" target=\"\" rel=\"noopener\"><img decoding=\"async\" srcset=\"https:\/\/electromecanicasv.cl\/wp-content\/uploads\/2023\/04\/Bearing-installation-and-synopsis.png \" src=\"https:\/\/electromecanicasv.cl\/wp-content\/uploads\/2023\/04\/Bearing-installation-and-synopsis.png\" alt=\"\" class=\"uag-image-1048\" width=\"300\" height=\"416\" title=\"\" loading=\"lazy\"\/><\/a><div class=\"wp-block-uagb-image--layout-overlay__color-wrapper\"><\/div><div class=\"wp-block-uagb-image--layout-overlay__inner center-center\"><a class=\"wp-block-uagb-image--layout-overlay-link \" href=\"https:\/\/www.isb-industries.com\/wp-content\/uploads\/2019\/08\/ISB-Installazione-cuscinetti-e-sinossi-Bearings-installation-and-synopsis-01.09.19.pdf\" target=\"\" rel=\"noopener\"><\/a><h2 class=\"uagb-image-heading\">Bearings Installation<\/h2><figcaption class=\"uagb-image-caption\">Instalaci\u00f3n de rodamientos<\/figcaption><\/div><\/figure><\/div>\n<\/div>\n<\/div>\n","protected":false},"excerpt":{"rendered":"<p>Distribuci\u00f3n Exclusiva de productos ISB Industries Fundada en 1981, ISB Industries se posiciona como uno de los l\u00edderes mundiales en componentes industriales, y desde ahora podr\u00e1s acceder a sus productos gracias a la alianza con Electromec\u00e1nicas SV. Te invitamos a visitar sus cat\u00e1logos de rodamientos, no dudes en consultarnos.<\/p>\n","protected":false},"author":1,"featured_media":0,"parent":0,"menu_order":0,"comment_status":"closed","ping_status":"closed","template":"","meta":{"_uag_custom_page_level_css":"","_kad_post_transparent":"","_kad_post_title":"","_kad_post_layout":"","_kad_post_sidebar_id":"","_kad_post_content_style":"","_kad_post_vertical_padding":"","_kad_post_feature":"","_kad_post_feature_position":"","_kad_post_header":false,"_kad_post_footer":false,"footnotes":""},"class_list":["post-917","page","type-page","status-publish","hentry"],"uagb_featured_image_src":{"full":false,"thumbnail":false,"medium":false,"medium_large":false,"large":false,"1536x1536":false,"2048x2048":false,"woocommerce_thumbnail":false,"woocommerce_single":false,"woocommerce_gallery_thumbnail":false},"uagb_author_info":{"display_name":"adminelectro","author_link":"https:\/\/electromecanicasv.cl\/?author=1"},"uagb_comment_info":0,"uagb_excerpt":"Distribuci\u00f3n Exclusiva de productos ISB Industries Fundada en 1981, ISB Industries se posiciona como uno de los l\u00edderes mundiales en componentes industriales, y desde ahora podr\u00e1s acceder a sus productos gracias a la alianza con Electromec\u00e1nicas SV. Te invitamos a visitar sus cat\u00e1logos de rodamientos, no dudes en consultarnos.","_links":{"self":[{"href":"https:\/\/electromecanicasv.cl\/index.php?rest_route=\/wp\/v2\/pages\/917","targetHints":{"allow":["GET"]}}],"collection":[{"href":"https:\/\/electromecanicasv.cl\/index.php?rest_route=\/wp\/v2\/pages"}],"about":[{"href":"https:\/\/electromecanicasv.cl\/index.php?rest_route=\/wp\/v2\/types\/page"}],"author":[{"embeddable":true,"href":"https:\/\/electromecanicasv.cl\/index.php?rest_route=\/wp\/v2\/users\/1"}],"replies":[{"embeddable":true,"href":"https:\/\/electromecanicasv.cl\/index.php?rest_route=%2Fwp%2Fv2%2Fcomments&post=917"}],"version-history":[{"count":19,"href":"https:\/\/electromecanicasv.cl\/index.php?rest_route=\/wp\/v2\/pages\/917\/revisions"}],"predecessor-version":[{"id":1104,"href":"https:\/\/electromecanicasv.cl\/index.php?rest_route=\/wp\/v2\/pages\/917\/revisions\/1104"}],"wp:attachment":[{"href":"https:\/\/electromecanicasv.cl\/index.php?rest_route=%2Fwp%2Fv2%2Fmedia&parent=917"}],"curies":[{"name":"wp","href":"https:\/\/api.w.org\/{rel}","templated":true}]}}